{"id":356,"date":"2022-03-23T17:58:54","date_gmt":"2022-03-23T17:58:54","guid":{"rendered":"http:\/\/www.dynamicalsystems.cl\/?page_id=356"},"modified":"2022-03-23T18:45:27","modified_gmt":"2022-03-23T18:45:27","slug":"institutions","status":"publish","type":"page","link":"http:\/\/www.dynamicalsystems.cl\/?page_id=356","title":{"rendered":"Institutions"},"content":{"rendered":"<p>The following are links to some of the Mathematics Departments in Chile where research on Dynamical Systems is done:<\/p>\n<ul>\n<li><a href=\"http:\/\/www.mat.usach.cl\/\">Departamento de Matem\u00e1tica y Ciencia de la Computaci\u00f3n, Universidad de Santiago de Chile (USACH).<br \/><\/a><\/li>\n<li><a href=\"http:\/\/www.mat.uc.cl\/\">Facultad de Matem\u00e1ticas. Pontificia Universidad Cat\u00f3lica de Chile (UC).<br \/><\/a><\/li>\n<li><a href=\"https:\/\/matematicas.ciencias.uchile.cl\">Departamento de Matem\u00e1ticas, Facultad de Ciencias, Universidad de Chile (UCh)<\/a>.<\/li>\n<li><a href=\"http:\/\/www.cmm.uchile.cl\/\">Centro de Modelamiento Matem\u00e1tico (CMM), Universidad de Chile (UCh).<br \/><\/a><\/li>\n<li><a href=\"https:\/\/www.ucn.cl\/facultad-de-ciencias\/departamento-matematica\/\">Departamento de Matem\u00e1ticas, Universidad Cat\u00f3lica del Norte (UCN).<br \/><\/a><\/li>\n<li><a href=\"http:\/\/ima.ucv.cl\/\">Instituto de Matem\u00e1ticas, Pontificia Universidad Cat\u00f3lica de Valpara\u00edso (PUCV).<br \/><\/a><\/li>\n<li><a href=\"http:\/\/www.mat.utfsm.cl\/\">Departamento de Matem\u00e1tica, Universidad Santa Mar\u00eda (USM).<br \/><\/a><\/li>\n<li><a href=\"http:\/\/dmat.cfm.cl\/\">Departamento de Matem\u00e1tica, Universidad de Concepci\u00f3n (UdeC).<br \/><\/a><\/li>\n<li><a href=\"http:\/\/dmat.ciencias.ubiobio.cl\">Departamento de Matem\u00e1tica, Universidad del B\u00edo-B\u00edo (UBB).<br \/><\/a><\/li>\n<li><a href=\"http:\/\/www.ucsc.cl\/html\/facultades\/ingenieria\/facultad_ingenieria.htm\">Facultad de Ingenier\u00eda, Universidad Cat\u00f3lica de la Sant\u00edsima Concepci\u00f3n (UCSC).<\/a><\/li>\n","protected":false},"excerpt":{"rendered":"<p>The following are links to some of the Mathematics Departments in Chile where research on Dynamical Systems is done: Departamento de Matem\u00e1tica y Ciencia de la&#46;&#46;&#46;<\/p>\n","protected":false},"author":3,"featured_media":0,"parent":0,"menu_order":0,"comment_status":"closed","ping_status":"closed","template":"","meta":[],"_links":{"self":[{"href":"http:\/\/www.dynamicalsystems.cl\/index.php?rest_route=\/wp\/v2\/pages\/356"}],"collection":[{"href":"http:\/\/www.dynamicalsystems.cl\/index.php?rest_route=\/wp\/v2\/pages"}],"about":[{"href":"http:\/\/www.dynamicalsystems.cl\/index.php?rest_route=\/wp\/v2\/types\/page"}],"author":[{"embeddable":true,"href":"http:\/\/www.dynamicalsystems.cl\/index.php?rest_route=\/wp\/v2\/users\/3"}],"replies":[{"embeddable":true,"href":"http:\/\/www.dynamicalsystems.cl\/index.php?rest_route=%2Fwp%2Fv2%2Fcomments&post=356"}],"version-history":[{"count":4,"href":"http:\/\/www.dynamicalsystems.cl\/index.php?rest_route=\/wp\/v2\/pages\/356\/revisions"}],"predecessor-version":[{"id":388,"href":"http:\/\/www.dynamicalsystems.cl\/index.php?rest_route=\/wp\/v2\/pages\/356\/revisions\/388"}],"wp:attachment":[{"href":"http:\/\/www.dynamicalsystems.cl\/index.php?rest_route=%2Fwp%2Fv2%2Fmedia&parent=356"}],"curies":[{"name":"wp","href":"https:\/\/api.w.org\/{rel}","templated":true}]}}